{"id":3,"date":"2024-07-21T23:40:43","date_gmt":"2024-07-21T21:40:43","guid":{"rendered":"http:\/\/paroleencorps.fr\/?page_id=3"},"modified":"2026-02-03T18:48:04","modified_gmt":"2026-02-03T17:48:04","slug":"politique-de-confidentialite","status":"publish","type":"page","link":"https:\/\/paroleencorps.fr\/index.php\/politique-de-confidentialite\/","title":{"rendered":"Mentions l\u00e9gales"},"content":{"rendered":"\n<h2 class=\"wp-block-heading\">Qui sommes-nous&nbsp;?<\/h2>\n\n\n\n<p>L&rsquo;adresse administrative de contact de l&rsquo;association est : <br><strong><em>Compagnie PaR\u00f4le en Corps<\/em><\/strong><br>Espace L\u00e9on Vergnole, 4 rue Daumier 30900 N\u00eemes<\/p>\n\n\n\n<p>ou <a href=\"mailto:contact@paroleencorps.fr\">contact@paroleencorps.fr<\/a><\/p>\n\n\n\n<p>L\u2019adresse de notre site est\u00a0: https:\/\/paroleencorps.fr. Il est publi\u00e9 sous la responsabilit\u00e9 des administrateurs de l&rsquo;association <strong><em>Compagnie PaR\u00f4le en Corps<\/em><\/strong>, d\u00e9clar\u00e9e en Pr\u00e9fecture du Gard (30) le 13\/09\/2024.<\/p>\n\n\n\n<p><strong>paroleencorps.fr<\/strong> est h\u00e9berg\u00e9 par OVH SAS, une filiale de la soci\u00e9t\u00e9 OVH Groupe SAS, SAS au capital de 10 069 020 euros, immatricul\u00e9e au RCS de Lille M\u00e9tropole sous le num\u00e9ro 537 407 926 et dont le si\u00e8ge social est sis 2, rue Kellermann, 59100 Roubaix.<\/p>\n\n\n\n<h2 class=\"wp-block-heading\">Contenu embarqu\u00e9 depuis d\u2019autres sites<\/h2>\n\n\n\n<p>Les articles de ce site peuvent inclure des contenus int\u00e9gr\u00e9s (par exemple des vid\u00e9os, images, articles\u2026). Le contenu int\u00e9gr\u00e9 depuis d\u2019autres sites se comporte de la m\u00eame mani\u00e8re que si le visiteur se rendait sur cet autre site.<\/p>\n\n\n\n<p>Ces sites web pourraient collecter des donn\u00e9es sur vous, utiliser des cookies, embarquer des outils de suivis tiers, suivre vos interactions avec ces contenus embarqu\u00e9s si vous disposez d\u2019un compte connect\u00e9 sur leur site web.<\/p>\n\n\n\n<p><\/p>\n","protected":false},"excerpt":{"rendered":"<p>Qui sommes-nous&nbsp;? L&rsquo;adresse administrative de contact de l&rsquo;association est : Compagnie PaR\u00f4le en CorpsEspace L\u00e9on Vergnole, 4 rue Daumier 30900 N\u00eemes ou contact@paroleencorps.fr L\u2019adresse de notre site est\u00a0: https:\/\/paroleencorps.fr. Il est publi\u00e9 sous la responsabilit\u00e9 des administrateurs de l&rsquo;association Compagnie PaR\u00f4le en Corps, d\u00e9clar\u00e9e en Pr\u00e9fecture du Gard (30) le 13\/09\/2024. paroleencorps.fr est h\u00e9berg\u00e9 par [&hellip;]<\/p>\n","protected":false},"author":1,"featured_media":0,"parent":0,"menu_order":0,"comment_status":"closed","ping_status":"open","template":"","meta":{"footnotes":""},"class_list":["post-3","page","type-page","status-publish","hentry"],"_links":{"self":[{"href":"https:\/\/paroleencorps.fr\/index.php\/wp-json\/wp\/v2\/pages\/3","targetHints":{"allow":["GET"]}}],"collection":[{"href":"https:\/\/paroleencorps.fr\/index.php\/wp-json\/wp\/v2\/pages"}],"about":[{"href":"https:\/\/paroleencorps.fr\/index.php\/wp-json\/wp\/v2\/types\/page"}],"author":[{"embeddable":true,"href":"https:\/\/paroleencorps.fr\/index.php\/wp-json\/wp\/v2\/users\/1"}],"replies":[{"embeddable":true,"href":"https:\/\/paroleencorps.fr\/index.php\/wp-json\/wp\/v2\/comments?post=3"}],"version-history":[{"count":6,"href":"https:\/\/paroleencorps.fr\/index.php\/wp-json\/wp\/v2\/pages\/3\/revisions"}],"predecessor-version":[{"id":521,"href":"https:\/\/paroleencorps.fr\/index.php\/wp-json\/wp\/v2\/pages\/3\/revisions\/521"}],"wp:attachment":[{"href":"https:\/\/paroleencorps.fr\/index.php\/wp-json\/wp\/v2\/media?parent=3"}],"curies":[{"name":"wp","href":"https:\/\/api.w.org\/{rel}","templated":true}]}}