{"id":201,"date":"2024-09-22T18:51:34","date_gmt":"2024-09-22T16:51:34","guid":{"rendered":"https:\/\/paroleencorps.fr\/?page_id=201"},"modified":"2025-05-16T19:40:27","modified_gmt":"2025-05-16T17:40:27","slug":"ressources","status":"publish","type":"page","link":"https:\/\/paroleencorps.fr\/index.php\/ressources\/","title":{"rendered":"Ressources"},"content":{"rendered":"\n<p><\/p>\n\n\n\n<div data-wp-interactive=\"core\/file\" class=\"wp-block-file\"><object data-wp-bind--hidden=\"!state.hasPdfPreview\" hidden class=\"wp-block-file__embed\" data=\"https:\/\/paroleencorps.fr\/wp-content\/uploads\/2024\/09\/flyer-Parole-en-corps-2.pdf\" type=\"application\/pdf\" style=\"width:100%;height:870px\" aria-label=\"Contenu embarqu\u00e9 flyer Parole en corps.\"><\/object><a id=\"wp-block-file--media-5951485f-7c9c-4397-a63c-187f6e0b655c\" href=\"https:\/\/paroleencorps.fr\/wp-content\/uploads\/2024\/09\/flyer-Parole-en-corps-2.pdf\">flyer Parole en corps<\/a><a href=\"https:\/\/paroleencorps.fr\/wp-content\/uploads\/2024\/09\/flyer-Parole-en-corps-2.pdf\" class=\"wp-block-file__button wp-element-button\" download aria-describedby=\"wp-block-file--media-5951485f-7c9c-4397-a63c-187f6e0b655c\">T\u00e9l\u00e9charger<\/a><\/div>\n\n\n\n<div data-wp-interactive=\"core\/file\" class=\"wp-block-file\"><object data-wp-bind--hidden=\"!state.hasPdfPreview\" hidden class=\"wp-block-file__embed\" data=\"https:\/\/paroleencorps.fr\/wp-content\/uploads\/2025\/05\/Le-Theatre-Forum-1.pdf\" type=\"application\/pdf\" style=\"width:100%;height:600px\" aria-label=\"Contenu embarqu\u00e9 Le Th\u00e9\u00e2tre Forum.\"><\/object><a id=\"wp-block-file--media-91a53442-5d51-41a6-b5f2-89baa99abc90\" href=\"https:\/\/paroleencorps.fr\/wp-content\/uploads\/2025\/05\/Le-Theatre-Forum-1.pdf\">Le Th\u00e9\u00e2tre Forum<\/a><a href=\"https:\/\/paroleencorps.fr\/wp-content\/uploads\/2025\/05\/Le-Theatre-Forum-1.pdf\" class=\"wp-block-file__button wp-element-button\" download aria-describedby=\"wp-block-file--media-91a53442-5d51-41a6-b5f2-89baa99abc90\">T\u00e9l\u00e9charger<\/a><\/div>\n","protected":false},"excerpt":{"rendered":"","protected":false},"author":2,"featured_media":0,"parent":0,"menu_order":0,"comment_status":"closed","ping_status":"closed","template":"","meta":{"footnotes":""},"class_list":["post-201","page","type-page","status-publish","hentry"],"_links":{"self":[{"href":"https:\/\/paroleencorps.fr\/index.php\/wp-json\/wp\/v2\/pages\/201","targetHints":{"allow":["GET"]}}],"collection":[{"href":"https:\/\/paroleencorps.fr\/index.php\/wp-json\/wp\/v2\/pages"}],"about":[{"href":"https:\/\/paroleencorps.fr\/index.php\/wp-json\/wp\/v2\/types\/page"}],"author":[{"embeddable":true,"href":"https:\/\/paroleencorps.fr\/index.php\/wp-json\/wp\/v2\/users\/2"}],"replies":[{"embeddable":true,"href":"https:\/\/paroleencorps.fr\/index.php\/wp-json\/wp\/v2\/comments?post=201"}],"version-history":[{"count":7,"href":"https:\/\/paroleencorps.fr\/index.php\/wp-json\/wp\/v2\/pages\/201\/revisions"}],"predecessor-version":[{"id":372,"href":"https:\/\/paroleencorps.fr\/index.php\/wp-json\/wp\/v2\/pages\/201\/revisions\/372"}],"wp:attachment":[{"href":"https:\/\/paroleencorps.fr\/index.php\/wp-json\/wp\/v2\/media?parent=201"}],"curies":[{"name":"wp","href":"https:\/\/api.w.org\/{rel}","templated":true}]}}