{"id":163,"date":"2024-09-22T17:34:45","date_gmt":"2024-09-22T15:34:45","guid":{"rendered":"https:\/\/paroleencorps.fr\/?page_id=163"},"modified":"2026-02-03T20:18:58","modified_gmt":"2026-02-03T19:18:58","slug":"qui-sommes-nous","status":"publish","type":"page","link":"https:\/\/paroleencorps.fr\/index.php\/qui-sommes-nous\/","title":{"rendered":"Qui sommes-nous ?"},"content":{"rendered":"\n<h5 class=\"wp-block-heading\"><\/h5>\n\n\n<div class=\"wp-block-image is-style-default\">\n<figure class=\"aligncenter size-full is-resized\"><img loading=\"lazy\" decoding=\"async\" width=\"1754\" height=\"2480\" src=\"https:\/\/paroleencorps.fr\/wp-content\/uploads\/2026\/02\/flyer-Parole-en-corps-A5-2026-brut-3.jpg\" alt=\"COMPAGNIE PaR\u00f4le en Corps\nAteliers de m\u00e9diation artistique\nTh\u00e9\u00e2tre d\u2019impro, clown, chant\nTh\u00e9\u00e2tre Forum\nRepr\u00e9sentations, ateliers\nInterventions en entreprise\nCoh\u00e9sion et dynamique de groupe : team building\nFormations th\u00e9matiques : CNV, \u00e9coute active\nQualit\u00e9 de vie au travail, risques psychosociaux\nSpectacle vivant\nCr\u00e9ation, \u00e9v\u00e9nementiel, happening\nStages\nInitiation au Th\u00e9\u00e2tre Forum, expression artistique\nPublics\n\u00c9tablissements sociaux et m\u00e9dico-sociaux (ESMS)\nCollectivit\u00e9s publiques, entreprises, associations\n\u00c9tablissements scolaires\n\" class=\"wp-image-523\" style=\"aspect-ratio:0.7072565610705167;object-fit:cover;width:537px;height:auto\" srcset=\"https:\/\/paroleencorps.fr\/wp-content\/uploads\/2026\/02\/flyer-Parole-en-corps-A5-2026-brut-3.jpg 1754w, https:\/\/paroleencorps.fr\/wp-content\/uploads\/2026\/02\/flyer-Parole-en-corps-A5-2026-brut-3-212x300.jpg 212w, https:\/\/paroleencorps.fr\/wp-content\/uploads\/2026\/02\/flyer-Parole-en-corps-A5-2026-brut-3-424x600.jpg 424w, https:\/\/paroleencorps.fr\/wp-content\/uploads\/2026\/02\/flyer-Parole-en-corps-A5-2026-brut-3-768x1086.jpg 768w, https:\/\/paroleencorps.fr\/wp-content\/uploads\/2026\/02\/flyer-Parole-en-corps-A5-2026-brut-3-1086x1536.jpg 1086w, https:\/\/paroleencorps.fr\/wp-content\/uploads\/2026\/02\/flyer-Parole-en-corps-A5-2026-brut-3-1448x2048.jpg 1448w, https:\/\/paroleencorps.fr\/wp-content\/uploads\/2026\/02\/flyer-Parole-en-corps-A5-2026-brut-3-1200x1697.jpg 1200w\" sizes=\"auto, (max-width: 1754px) 100vw, 1754px\" \/><\/figure>\n<\/div>\n\n\n<h4 class=\"wp-block-heading has-text-align-center\"><a href=\"https:\/\/paroleencorps.fr\/index.php\/nos-intervenants\/\" data-type=\"page\" data-id=\"448\">Nos intervenant\u00b7es<\/a><\/h4>\n\n\n\n<p><\/p>\n","protected":false},"excerpt":{"rendered":"<p>Nos intervenant\u00b7es<\/p>\n","protected":false},"author":2,"featured_media":0,"parent":0,"menu_order":0,"comment_status":"closed","ping_status":"closed","template":"","meta":{"footnotes":""},"class_list":["post-163","page","type-page","status-publish","hentry"],"_links":{"self":[{"href":"https:\/\/paroleencorps.fr\/index.php\/wp-json\/wp\/v2\/pages\/163","targetHints":{"allow":["GET"]}}],"collection":[{"href":"https:\/\/paroleencorps.fr\/index.php\/wp-json\/wp\/v2\/pages"}],"about":[{"href":"https:\/\/paroleencorps.fr\/index.php\/wp-json\/wp\/v2\/types\/page"}],"author":[{"embeddable":true,"href":"https:\/\/paroleencorps.fr\/index.php\/wp-json\/wp\/v2\/users\/2"}],"replies":[{"embeddable":true,"href":"https:\/\/paroleencorps.fr\/index.php\/wp-json\/wp\/v2\/comments?post=163"}],"version-history":[{"count":17,"href":"https:\/\/paroleencorps.fr\/index.php\/wp-json\/wp\/v2\/pages\/163\/revisions"}],"predecessor-version":[{"id":559,"href":"https:\/\/paroleencorps.fr\/index.php\/wp-json\/wp\/v2\/pages\/163\/revisions\/559"}],"wp:attachment":[{"href":"https:\/\/paroleencorps.fr\/index.php\/wp-json\/wp\/v2\/media?parent=163"}],"curies":[{"name":"wp","href":"https:\/\/api.w.org\/{rel}","templated":true}]}}