{"id":145,"date":"2024-09-22T17:00:16","date_gmt":"2024-09-22T15:00:16","guid":{"rendered":"https:\/\/paroleencorps.fr\/?page_id=145"},"modified":"2025-05-16T18:46:37","modified_gmt":"2025-05-16T16:46:37","slug":"lexpression-vocale","status":"publish","type":"page","link":"https:\/\/paroleencorps.fr\/index.php\/les-ateliers-de-mediation-artistique\/lexpression-vocale\/","title":{"rendered":"L&rsquo;expression vocale"},"content":{"rendered":"\n<h6 class=\"wp-block-heading\"><\/h6>\n\n\n\n<p>Dans nos ateliers, nous invitons les participants \u00e0 explorer un univers o\u00f9 la voix devient la cl\u00e9 d&rsquo;une expression th\u00e9\u00e2trale authentique et vibrante. La voix, cet instrument intime et puissant, est bien plus qu&rsquo;un simple outil de communication sur sc\u00e8ne. Elle est le souffle de l&rsquo;\u00e9motion, la couleur du personnage, le fil conducteur qui relie le com\u00e9dien \u00e0 son public.<\/p>\n\n\n\n<p>\u00c0 travers des exercices ludiques et progressifs, nous faisons d\u00e9couvrir :<\/p>\n\n\n\n<ul class=\"wp-block-list\">\n<li><strong>L&rsquo;importance de la voix au th\u00e9\u00e2tre :<\/strong> Comment elle porte le texte, nuance les intentions, r\u00e9v\u00e8le les non-dits et captive le public. Nous travaillons sur la projection, l&rsquo;articulation, le rythme et les silences, ces respirations charg\u00e9es de sens.<\/li>\n\n\n\n<li><strong>Les bienfaits lib\u00e9rateurs du chant :<\/strong> Le chant est une voie royale pour d\u00e9lier les tensions, explorer la musicalit\u00e9 du langage, et connecter l&rsquo;\u00e9motion au corps. Il offre une libert\u00e9 d&rsquo;expression unique et renforce la confiance en soi.<\/li>\n\n\n\n<li><strong>Le plaisir de d\u00e9couvrir sa propre voix :<\/strong> Chaque voix est unique, porteuse d&rsquo;une histoire et d&rsquo;une singularit\u00e9. Partons \u00e0 la rencontre des timbres, des tessitures, des couleurs vocales, pour s\u2019approprier pleinement cet instrument merveilleux.<\/li>\n\n\n\n<li><strong>L&rsquo;art de jouer avec sa voix :<\/strong> De l&rsquo;improvisation vocale \u00e0 l&rsquo;interpr\u00e9tation de textes, nous explorons les modulations, les intonations, les accents, les dynamiques, pour donner vie \u00e0 des personnages et des situations avec une palette expressive infinie.<\/li>\n<\/ul>\n\n\n\n<p>Ces ateliers de m\u00e9diation artistique sont con\u00e7us comme un espace d&rsquo;exploration bienveillant et stimulant, o\u00f9 chacun peut oser, exp\u00e9rimenter et se surprendre.&nbsp;<\/p>\n\n\n\n<p>&lt; <em><a href=\"https:\/\/paroleencorps.fr\/index.php\/les-ateliers-de-mediation-artistique\/lexpression-theatrale\/\" data-type=\"page\" data-id=\"141\">L&rsquo;expression th\u00e9\u00e2trale<\/a><br>&lt;&lt; <a href=\"https:\/\/paroleencorps.fr\/index.php\/les-ateliers-de-mediation-artistique\/lexpression-clownesque\/\" data-type=\"page\" data-id=\"139\">L&rsquo;expression clownesque<\/a><\/em><\/p>\n","protected":false},"excerpt":{"rendered":"<p>Dans nos ateliers, nous invitons les participants \u00e0 explorer un univers o\u00f9 la voix devient la cl\u00e9 d&rsquo;une expression th\u00e9\u00e2trale authentique et vibrante. La voix, cet instrument intime et puissant, est bien plus qu&rsquo;un simple outil de communication sur sc\u00e8ne. Elle est le souffle de l&rsquo;\u00e9motion, la couleur du personnage, le fil conducteur qui relie [&hellip;]<\/p>\n","protected":false},"author":2,"featured_media":0,"parent":137,"menu_order":0,"comment_status":"closed","ping_status":"closed","template":"","meta":{"footnotes":""},"class_list":["post-145","page","type-page","status-publish","hentry"],"_links":{"self":[{"href":"https:\/\/paroleencorps.fr\/index.php\/wp-json\/wp\/v2\/pages\/145","targetHints":{"allow":["GET"]}}],"collection":[{"href":"https:\/\/paroleencorps.fr\/index.php\/wp-json\/wp\/v2\/pages"}],"about":[{"href":"https:\/\/paroleencorps.fr\/index.php\/wp-json\/wp\/v2\/types\/page"}],"author":[{"embeddable":true,"href":"https:\/\/paroleencorps.fr\/index.php\/wp-json\/wp\/v2\/users\/2"}],"replies":[{"embeddable":true,"href":"https:\/\/paroleencorps.fr\/index.php\/wp-json\/wp\/v2\/comments?post=145"}],"version-history":[{"count":6,"href":"https:\/\/paroleencorps.fr\/index.php\/wp-json\/wp\/v2\/pages\/145\/revisions"}],"predecessor-version":[{"id":342,"href":"https:\/\/paroleencorps.fr\/index.php\/wp-json\/wp\/v2\/pages\/145\/revisions\/342"}],"up":[{"embeddable":true,"href":"https:\/\/paroleencorps.fr\/index.php\/wp-json\/wp\/v2\/pages\/137"}],"wp:attachment":[{"href":"https:\/\/paroleencorps.fr\/index.php\/wp-json\/wp\/v2\/media?parent=145"}],"curies":[{"name":"wp","href":"https:\/\/api.w.org\/{rel}","templated":true}]}}