{"id":114,"date":"2024-09-22T15:59:14","date_gmt":"2024-09-22T13:59:14","guid":{"rendered":"https:\/\/paroleencorps.fr\/?page_id=114"},"modified":"2025-05-16T21:57:40","modified_gmt":"2025-05-16T19:57:40","slug":"nos-differentes-formes-dintervention","status":"publish","type":"page","link":"https:\/\/paroleencorps.fr\/index.php\/theatre-forum\/nos-differentes-formes-dintervention\/","title":{"rendered":"Nos diff\u00e9rentes formes d\u2019intervention"},"content":{"rendered":"\n<p><\/p>\n\n\n\n<h4 class=\"wp-block-heading\"><strong>Repr\u00e9sentation th\u00e9\u00e2tre forum<\/strong><\/h4>\n\n\n\n<p>Le facilitateur et les com\u00e9diens \u00e9crivent et pr\u00e9parent une sc\u00e8ne \u00e0 l\u2019avance sur le th\u00e8me demand\u00e9 par le commanditaire. Pour introduire la s\u00e9ance, le facilitateur explique le principe du th\u00e9\u00e2tre forum au public ainsi que les r\u00e8gles \u00e0 respecter. Il peut aussi animer quelques jeux pour introduire le sujet qui va \u00eatre trait\u00e9 et pr\u00e9parer les gens \u00e0 monter sur sc\u00e8ne. La sc\u00e8ne arch\u00e9type est alors jou\u00e9e puis s\u2019encha\u00eenent les \u00e9changes avec les spectateurs et le jeu de nouvelles sc\u00e8nes avec l\u2019entr\u00e9e du <em>spect\u2019acteur<\/em>. La s\u00e9ance se cl\u00f4ture en synth\u00e9tisant tout ce qui a \u00e9t\u00e9 abord\u00e9 pendant l\u2019intervention. Nous proposons parfois de transmettre un document qui regroupe les mots-clefs ou informations qui auront \u00e9t\u00e9 discut\u00e9s, voire un mini-questionnaire permettant&nbsp; aux participants de noter ce qu\u2019ils ont retenu, pour que la \u201ctrace\u201d laiss\u00e9e par cette exp\u00e9rience soit ancr\u00e9e \u00e0 plusieurs niveaux.<\/p>\n\n\n\n<h4 class=\"wp-block-heading\"><strong>Atelier th\u00e9\u00e2tre forum<\/strong><\/h4>\n\n\n\n<p>Un intervenant accompagne un groupe dans la d\u00e9couverte du th\u00e9\u00e2tre forum en proposant divers exercices puis l\u2019\u00e9criture d\u2019une sc\u00e8ne.<\/p>\n\n\n\n<p>Ici on peut imaginer plusieurs \u00ab formules \u00bb : soit une intervention concentr\u00e9e sur un ou deux jours pleins, soit sur plusieurs s\u00e9ances \u00e9tal\u00e9es dans le temps (entre 4 et 5 minimum). Dans ces deux types de cas, l\u2019id\u00e9al est que la sc\u00e8ne cr\u00e9\u00e9e puisse \u00eatre jou\u00e9e \u00e0 la fin du projet devant un public qui n\u2019a pas particip\u00e9 \u00e0 sa cr\u00e9ation.&nbsp;<\/p>\n\n\n\n<p>Nous utilisons parfois le th\u00e9\u00e2tre forum aupr\u00e8s de publics d\u2019\u00e9tablissements sociaux et m\u00e9dico-sociaux (ITEP, IME, foyer d\u2019h\u00e9bergement) pour travailler les comp\u00e9tences psychosociales et les habilet\u00e9s sociales. Les sc\u00e8nes jou\u00e9es sont alors utilis\u00e9es pour permettre aux participants de mieux rep\u00e9rer et comprendre certaines situations ou comportements auxquels ils peuvent \u00eatre confront\u00e9s ; puis de venir exp\u00e9rimenter certaines \u201ctentatives de r\u00e9ponse\u201d afin d&rsquo;\u00e9prouver par eux-m\u00eames les effets que cela peut produire et ainsi sortir progressivement des difficult\u00e9s qu\u2019ils rencontrent.&nbsp;<\/p>\n\n\n\n<h4 class=\"wp-block-heading\"><strong>R\u00e9gulation d\u2019\u00e9quipe<\/strong><\/h4>\n\n\n\n<p>Nos exp\u00e9riences d\u2019\u00e9ducateurs sp\u00e9cialis\u00e9s, de formateurs et m\u00eame d\u2019intervenant en analyse des pratiques professionnelles (APP) pour Perrine, nous permettent \u00e9galement de proposer le th\u00e9\u00e2tre forum comme outil de r\u00e9gulation d\u2019\u00e9quipe. L\u2019id\u00e9e n\u2019est pas de rejouer exactement des sc\u00e8nes professionnelles d\u00e9j\u00e0 v\u00e9cues mais de reproduire des situations-types pour partager et exp\u00e9rimenter en \u00e9quipe comment chaque professionnel pourrait se positionner dans une situation \u00e9voquant une difficult\u00e9 sp\u00e9cifique (relations interpersonnelles, hi\u00e9rarchiques, contexte institutionnel, souffrance au travail, burn-out). Cet outil permet aux professionnels de se questionner ensemble et ce, pas seulement en \u00e9tant assis sur une chaise mais en mettant en mouvements et en paroles ces observations et r\u00e9flexions. Le th\u00e9\u00e2tre forum comme outil de r\u00e9gulation peut ainsi permettre d\u2019agir sur le \u201c<strong><em>faire \u00e9quipe<\/em><\/strong>\u201d, par le partage de valeurs et d\u2019exp\u00e9riences, qui recentre l\u2019\u00e9quipe sur l\u2019objectif commun \u00e0 leur travail et le sens que chacun y met.<\/p>\n\n\n\n<div data-wp-interactive=\"core\/file\" class=\"wp-block-file\"><object data-wp-bind--hidden=\"!state.hasPdfPreview\" hidden class=\"wp-block-file__embed\" data=\"https:\/\/paroleencorps.fr\/wp-content\/uploads\/2025\/05\/Le-Theatre-Forum-2.pdf\" type=\"application\/pdf\" style=\"width:100%;height:600px\" aria-label=\"Contenu embarqu\u00e9 Le Th\u00e9\u00e2tre Forum.\"><\/object><a id=\"wp-block-file--media-2d57b60e-5aec-46b2-9387-be9723c8fbb8\" href=\"https:\/\/paroleencorps.fr\/wp-content\/uploads\/2025\/05\/Le-Theatre-Forum-2.pdf\">Le Th\u00e9\u00e2tre Forum<\/a><a href=\"https:\/\/paroleencorps.fr\/wp-content\/uploads\/2025\/05\/Le-Theatre-Forum-2.pdf\" class=\"wp-block-file__button wp-element-button\" download aria-describedby=\"wp-block-file--media-2d57b60e-5aec-46b2-9387-be9723c8fbb8\">T\u00e9l\u00e9charger<\/a><\/div>\n","protected":false},"excerpt":{"rendered":"<p>Repr\u00e9sentation th\u00e9\u00e2tre forum Le facilitateur et les com\u00e9diens \u00e9crivent et pr\u00e9parent une sc\u00e8ne \u00e0 l\u2019avance sur le th\u00e8me demand\u00e9 par le commanditaire. Pour introduire la s\u00e9ance, le facilitateur explique le principe du th\u00e9\u00e2tre forum au public ainsi que les r\u00e8gles \u00e0 respecter. Il peut aussi animer quelques jeux pour introduire le sujet qui va \u00eatre [&hellip;]<\/p>\n","protected":false},"author":2,"featured_media":0,"parent":108,"menu_order":0,"comment_status":"closed","ping_status":"closed","template":"","meta":{"footnotes":""},"class_list":["post-114","page","type-page","status-publish","hentry"],"_links":{"self":[{"href":"https:\/\/paroleencorps.fr\/index.php\/wp-json\/wp\/v2\/pages\/114","targetHints":{"allow":["GET"]}}],"collection":[{"href":"https:\/\/paroleencorps.fr\/index.php\/wp-json\/wp\/v2\/pages"}],"about":[{"href":"https:\/\/paroleencorps.fr\/index.php\/wp-json\/wp\/v2\/types\/page"}],"author":[{"embeddable":true,"href":"https:\/\/paroleencorps.fr\/index.php\/wp-json\/wp\/v2\/users\/2"}],"replies":[{"embeddable":true,"href":"https:\/\/paroleencorps.fr\/index.php\/wp-json\/wp\/v2\/comments?post=114"}],"version-history":[{"count":3,"href":"https:\/\/paroleencorps.fr\/index.php\/wp-json\/wp\/v2\/pages\/114\/revisions"}],"predecessor-version":[{"id":380,"href":"https:\/\/paroleencorps.fr\/index.php\/wp-json\/wp\/v2\/pages\/114\/revisions\/380"}],"up":[{"embeddable":true,"href":"https:\/\/paroleencorps.fr\/index.php\/wp-json\/wp\/v2\/pages\/108"}],"wp:attachment":[{"href":"https:\/\/paroleencorps.fr\/index.php\/wp-json\/wp\/v2\/media?parent=114"}],"curies":[{"name":"wp","href":"https:\/\/api.w.org\/{rel}","templated":true}]}}