{"id":111,"date":"2024-09-22T15:58:22","date_gmt":"2024-09-22T13:58:22","guid":{"rendered":"https:\/\/paroleencorps.fr\/?page_id=111"},"modified":"2024-09-22T20:10:17","modified_gmt":"2024-09-22T18:10:17","slug":"deroulement","status":"publish","type":"page","link":"https:\/\/paroleencorps.fr\/index.php\/theatre-forum\/deroulement\/","title":{"rendered":"D\u00e9roulement"},"content":{"rendered":"\n<p><\/p>\n\n\n\n<p>Une \u00ab sc\u00e8ne de base \u00bb illustrant&nbsp; les enjeux, probl\u00e9matiques et ph\u00e9nom\u00e8nes d\u2019oppression de la th\u00e9matique est jou\u00e9e par des com\u00e9diens devant le public. Ensuite l\u2019animateur, appel\u00e9 aussi joker ou facilitateur, interpelle les spectateurs pour qu\u2019ils expriment leurs observations et ressentis. Apr\u00e8s ces \u00e9changes, il invite un spectateur qui le souhaite \u00e0 venir exp\u00e9rimenter sa proposition sur sc\u00e8ne o\u00f9 il pourra jouer un personnage en changeant d&rsquo;attitude et de positionnement. Une fois la nouvelle sc\u00e8ne termin\u00e9e, un nouveau partage de regards se fait avec le public puis d\u2019autres spectateurs peuvent venir tour \u00e0 tour incarner leurs id\u00e9es sur sc\u00e8ne.<\/p>\n\n\n\n<p>La s\u00e9ance se termine par une conclusion permettant de r\u00e9capituler ce que chacun des participants a v\u00e9cu \u00e0 travers toutes ces tentatives de mise en sc\u00e8ne.<\/p>\n\n\n\n<h4 class=\"wp-block-heading\"><strong>Exemples de th\u00e9matique<\/strong><\/h4>\n\n\n\n<p>Harc\u00e8lements (scolaire, num\u00e9rique, travail&#8230;.), discriminations (de genre, ethnique, handicap, orientation sexuelle\u2026), violences (physiques, psychiques\u2026), probl\u00e8mes relationnels dans un syst\u00e8me (travail, couple, voisinage&#8230;), relations inter-personnelles (parent-enfant, amis, couple\u2026), injustices sociales, addictions, relations affectives et sexuelles (consentement), affirmation de soi\/estime de soi, citoyennet\u00e9, \u00e9cologie\u2026<\/p>\n\n\n\n<p class=\"has-text-align-right\"><a href=\"https:\/\/paroleencorps.fr\/index.php\/theatre-forum\/nos-differentes-formes-dintervention\/\" data-type=\"page\" data-id=\"114\"><em>Diff\u00e9rentes formes d&rsquo;intervention<\/em><\/a> ><\/p>\n\n\n\n<p>&lt; <a href=\"https:\/\/paroleencorps.fr\/index.php\/theatre-forum\/\" data-type=\"page\" data-id=\"108\"><em>Th\u00e9\u00e2tre Forum<\/em><\/a><\/p>\n\n\n\n<p><\/p>\n","protected":false},"excerpt":{"rendered":"<p>Une \u00ab sc\u00e8ne de base \u00bb illustrant&nbsp; les enjeux, probl\u00e9matiques et ph\u00e9nom\u00e8nes d\u2019oppression de la th\u00e9matique est jou\u00e9e par des com\u00e9diens devant le public. Ensuite l\u2019animateur, appel\u00e9 aussi joker ou facilitateur, interpelle les spectateurs pour qu\u2019ils expriment leurs observations et ressentis. Apr\u00e8s ces \u00e9changes, il invite un spectateur qui le souhaite \u00e0 venir exp\u00e9rimenter sa [&hellip;]<\/p>\n","protected":false},"author":2,"featured_media":0,"parent":108,"menu_order":0,"comment_status":"closed","ping_status":"closed","template":"","meta":{"footnotes":""},"class_list":["post-111","page","type-page","status-publish","hentry"],"_links":{"self":[{"href":"https:\/\/paroleencorps.fr\/index.php\/wp-json\/wp\/v2\/pages\/111","targetHints":{"allow":["GET"]}}],"collection":[{"href":"https:\/\/paroleencorps.fr\/index.php\/wp-json\/wp\/v2\/pages"}],"about":[{"href":"https:\/\/paroleencorps.fr\/index.php\/wp-json\/wp\/v2\/types\/page"}],"author":[{"embeddable":true,"href":"https:\/\/paroleencorps.fr\/index.php\/wp-json\/wp\/v2\/users\/2"}],"replies":[{"embeddable":true,"href":"https:\/\/paroleencorps.fr\/index.php\/wp-json\/wp\/v2\/comments?post=111"}],"version-history":[{"count":7,"href":"https:\/\/paroleencorps.fr\/index.php\/wp-json\/wp\/v2\/pages\/111\/revisions"}],"predecessor-version":[{"id":243,"href":"https:\/\/paroleencorps.fr\/index.php\/wp-json\/wp\/v2\/pages\/111\/revisions\/243"}],"up":[{"embeddable":true,"href":"https:\/\/paroleencorps.fr\/index.php\/wp-json\/wp\/v2\/pages\/108"}],"wp:attachment":[{"href":"https:\/\/paroleencorps.fr\/index.php\/wp-json\/wp\/v2\/media?parent=111"}],"curies":[{"name":"wp","href":"https:\/\/api.w.org\/{rel}","templated":true}]}}