{"id":108,"date":"2024-09-22T15:56:56","date_gmt":"2024-09-22T13:56:56","guid":{"rendered":"https:\/\/paroleencorps.fr\/?page_id=108"},"modified":"2024-09-22T20:09:07","modified_gmt":"2024-09-22T18:09:07","slug":"theatre-forum","status":"publish","type":"page","link":"https:\/\/paroleencorps.fr\/index.php\/theatre-forum\/","title":{"rendered":"Le th\u00e9\u00e2tre-forum"},"content":{"rendered":"\n<p><\/p>\n\n\n\n<h4 class=\"wp-block-heading\"><strong>Contexte et grands principes<\/strong><\/h4>\n\n\n\n<p>Le th\u00e9\u00e2tre forum a \u00e9t\u00e9 cr\u00e9\u00e9 en 1960 dans les favelas de Sa\u00f5&nbsp;Paulo au Br\u00e9sil par Augusto Boal, dramaturge, metteur en sc\u00e8ne et \u00e9crivain renomm\u00e9 du XXe si\u00e8cle. Le pays vit alors sous un r\u00e9gime totalitaire qui emp\u00eache notamment une activit\u00e9 libre des sc\u00e8nes de th\u00e9\u00e2tre. Augusto Boal a l\u2019id\u00e9e de jouer des sc\u00e8nes dans l\u2019espace public illustrant des oppressions instaur\u00e9es par l\u2019\u00c9tat \u00e0 l\u2019encontre des citoyens et de permettre aux spectateurs de participer \u00e0 celles-ci. Ce th\u00e9\u00e2tre a donc une forme r\u00e9elle, interactive et participative ; il est d\u2019ailleurs d\u00e9crit comme du \u00ab<em> <strong>th\u00e9\u00e2tre par le peuple pour le peuple <\/strong><\/em>\u00bb et la notion de \u201c<em><strong>spect-acteur<\/strong><\/em>\u201d est invent\u00e9e. Le th\u00e9\u00e2tre forum est ainsi une des branches du Th\u00e9\u00e2tre de l\u2019Opprim\u00e9.<\/p>\n\n\n\n<p>Le th\u00e9\u00e2tre forum met en sc\u00e8ne des situations soci\u00e9tales, sociales ou relationnelles, repr\u00e9sentant un oppresseur qui impose sa loi, son avis ou un comportement sur un opprim\u00e9 qui est \u201cvictime\u201d de ce dernier et ne parvient pas \u00e0 s\u2019affirmer face \u00e0 lui. En g\u00e9n\u00e9ral cela met en avant une injustice, une in\u00e9galit\u00e9, une discrimination, un conflit, ou plus globalement des comportements humains qui posent question. Le but est de sensibiliser et pr\u00e9venir sur la compr\u00e9hension, les enjeux et les m\u00e9canismes li\u00e9s \u00e0 la th\u00e9matique illustr\u00e9e, voire de d\u00e9noncer les difficult\u00e9s li\u00e9es \u00e0 ce sujet. Le th\u00e9\u00e2tre forum permet ainsi aux publics de conscientiser de nombreux aspects sur la probl\u00e9matique abord\u00e9e. M\u00eame si la finalit\u00e9 n\u2019est pas forc\u00e9ment de trouver des solutions aux probl\u00e8mes, cette d\u00e9marche favorise le d\u00e9veloppement d\u2019un <strong>pouvoir d\u2019agir<\/strong> face aux situations d\u2019oppression.<\/p>\n\n\n\n<p>On peut ainsi dire que c\u2019est un outil de transformation sociale et soci\u00e9tale mais aussi de transformations int\u00e9rieures (nos repr\u00e9sentations, notre \u00e9ducation, nos oppressions \u00ab&nbsp;internes \u00bb dues \u00e0 des m\u00e9canismes, des croyances limitantes&nbsp;etc.) La pratique du th\u00e9\u00e2tre forum est inspir\u00e9e de principes comme la communication non violente, l&rsquo;intelligence collective, l\u2019\u00e9ducation populaire ou encore l\u2019approche syst\u00e9mique.<br><\/p>\n\n\n\n<p class=\"has-text-align-right\"><a href=\"https:\/\/paroleencorps.fr\/index.php\/theatre-forum\/deroulement\/\" data-type=\"page\" data-id=\"111\"><em>D\u00e9roulement<\/em><\/a> ><br><a href=\"https:\/\/paroleencorps.fr\/index.php\/theatre-forum\/nos-differentes-formes-dintervention\/\" data-type=\"page\" data-id=\"114\"><em>Diff\u00e9rentes formes d&rsquo;intervention<\/em><\/a> >><\/p>\n\n\n\n<p><\/p>\n","protected":false},"excerpt":{"rendered":"<p>Contexte et grands principes Le th\u00e9\u00e2tre forum a \u00e9t\u00e9 cr\u00e9\u00e9 en 1960 dans les favelas de Sa\u00f5&nbsp;Paulo au Br\u00e9sil par Augusto Boal, dramaturge, metteur en sc\u00e8ne et \u00e9crivain renomm\u00e9 du XXe si\u00e8cle. Le pays vit alors sous un r\u00e9gime totalitaire qui emp\u00eache notamment une activit\u00e9 libre des sc\u00e8nes de th\u00e9\u00e2tre. Augusto Boal a l\u2019id\u00e9e de [&hellip;]<\/p>\n","protected":false},"author":2,"featured_media":0,"parent":0,"menu_order":0,"comment_status":"closed","ping_status":"closed","template":"","meta":{"footnotes":""},"class_list":["post-108","page","type-page","status-publish","hentry"],"_links":{"self":[{"href":"https:\/\/paroleencorps.fr\/index.php\/wp-json\/wp\/v2\/pages\/108","targetHints":{"allow":["GET"]}}],"collection":[{"href":"https:\/\/paroleencorps.fr\/index.php\/wp-json\/wp\/v2\/pages"}],"about":[{"href":"https:\/\/paroleencorps.fr\/index.php\/wp-json\/wp\/v2\/types\/page"}],"author":[{"embeddable":true,"href":"https:\/\/paroleencorps.fr\/index.php\/wp-json\/wp\/v2\/users\/2"}],"replies":[{"embeddable":true,"href":"https:\/\/paroleencorps.fr\/index.php\/wp-json\/wp\/v2\/comments?post=108"}],"version-history":[{"count":9,"href":"https:\/\/paroleencorps.fr\/index.php\/wp-json\/wp\/v2\/pages\/108\/revisions"}],"predecessor-version":[{"id":242,"href":"https:\/\/paroleencorps.fr\/index.php\/wp-json\/wp\/v2\/pages\/108\/revisions\/242"}],"wp:attachment":[{"href":"https:\/\/paroleencorps.fr\/index.php\/wp-json\/wp\/v2\/media?parent=108"}],"curies":[{"name":"wp","href":"https:\/\/api.w.org\/{rel}","templated":true}]}}